{"id":100,"date":"2025-02-23T09:18:11","date_gmt":"2025-02-23T08:18:11","guid":{"rendered":"http:\/\/blueboatrental.itgwada.com\/?post_type=product&#038;p=100"},"modified":"2026-04-01T08:07:20","modified_gmt":"2026-04-01T12:07:20","slug":"location-bateaux-guadeloupe-les-saintes-yop-yop","status":"publish","type":"product","link":"https:\/\/www.blueboatrental.fr\/de\/location-bateau-guadeloupe\/bateau\/semi-rigide\/location-bateaux-guadeloupe-les-saintes-yop-yop\/","title":{"rendered":"Servus, ab ging's von den Heiligen"},"content":{"rendered":"<h5>Navigation<\/h5>\n<p><!--more--><\/p>\n<p>GPS, Echolot, UKW<\/p>\n<h5>Komfort<\/h5>\n<p>Sonnenstrahlen, Sonnenbad, Bluetooth-Verbindung, Tisch, Deckdusche<\/p>\n<h5>Energie<\/h5>\n<p>USB-Steckdose<\/p>\n<h5>Freizeit<\/h5>\n<p>Leitern, Au\u00dfenlautsprecher<\/p>\n<h5>Sanit\u00e4r<\/h5>\n<p>S\u00fc\u00dfwasser<\/p>","protected":false},"excerpt":{"rendered":"<p>Wir bieten Ihnen auch das Boot YOP YOP ab Terre-de-Haut an. Es ist das perfekte Boot, um all die Inseln zu entdecken, die den Archipel der Saintes bilden: Terre-de-Haut, Terre-de-Bas, Cabri\u2026\u2026<br \/>\nAber auch Schnorcheln am Wrack der Lindy, Ankerplatz am Pain Sucre, mit Schildkr\u00f6ten in Grand Baie schwimmen.<br \/>\nEin Tag voller Sensationen f\u00fcr eine vollst\u00e4ndige Entdeckung des Archipels Les Saintes!<\/p>","protected":false},"featured_media":208,"template":"","meta":[],"product_brand":[],"product_cat":[24],"product_tag":[],"class_list":{"0":"post-100","1":"product","2":"type-product","3":"status-publish","4":"has-post-thumbnail","6":"product_cat-semi-rigide","8":"first","9":"instock","10":"featured","11":"virtual","12":"sold-individually","13":"taxable","14":"purchasable","15":"product-type-booking"},"booking_location":"","booking_location_type":"","booking_duration":1,"booking_duration_unit":"day","booking_buffer":0,"booking_cost":0,"booking_resources":[292],"yoast_head":"<!-- This site is optimized with the Yoast SEO Premium plugin v26.5 (Yoast SEO v26.5) - https:\/\/yoast.com\/wordpress\/plugins\/seo\/ -->\n<title>Location de bateaux aux Saintes en Guadeloupe - Yop Yop, au d\u00e9part des Saintes - Blue Boat Rental<\/title>\n<meta name=\"description\" content=\"Location de bateaux \u00e0 Terre-de-Haut aux Saintes en Guadeloupe, partez \u00e0 la d\u00e9couverte des Saintes. C&#039;est le bateau parfait pour d\u00e9couvrir toutes ses \u00eeles.\" \/>\n<meta name=\"robots\" content=\"index, follow, max-snippet:-1, max-image-preview:large, max-video-preview:-1\" \/>\n<link rel=\"canonical\" href=\"https:\/\/www.blueboatrental.fr\/de\/location-bateau-guadeloupe\/bateau\/semi-rigide\/location-bateaux-guadeloupe-les-saintes-yop-yop\/\" \/>\n<meta property=\"og:locale\" content=\"de_DE\" \/>\n<meta property=\"og:type\" content=\"article\" \/>\n<meta property=\"og:title\" content=\"Yop Yop, au d\u00e9part des Saintes\" \/>\n<meta property=\"og:description\" content=\"Location de bateaux \u00e0 Terre-de-Haut aux Saintes en Guadeloupe, partez \u00e0 la d\u00e9couverte des Saintes. C&#039;est le bateau parfait pour d\u00e9couvrir toutes ses \u00eeles.\" \/>\n<meta property=\"og:url\" content=\"https:\/\/www.blueboatrental.fr\/de\/location-bateau-guadeloupe\/bateau\/semi-rigide\/location-bateaux-guadeloupe-les-saintes-yop-yop\/\" \/>\n<meta property=\"og:site_name\" content=\"Blue Boat Rental\" \/>\n<meta property=\"article:publisher\" content=\"https:\/\/www.facebook.com\/BlueBoatRentalGuadeloupe\/\" \/>\n<meta property=\"article:modified_time\" content=\"2026-04-01T12:07:20+00:00\" \/>\n<meta property=\"og:image\" content=\"https:\/\/www.blueboatrental.fr\/wp-content\/uploads\/2025\/03\/yopyop-tdh_0.jpg\" \/>\n\t<meta property=\"og:image:width\" content=\"1280\" \/>\n\t<meta property=\"og:image:height\" content=\"675\" \/>\n\t<meta property=\"og:image:type\" content=\"image\/jpeg\" \/>\n<meta name=\"twitter:card\" content=\"summary_large_image\" \/>\n<meta name=\"twitter:label1\" content=\"Preis\" \/>\n\t<meta name=\"twitter:data1\" content=\"290,00&nbsp;&euro;\" \/>\n\t<meta name=\"twitter:label2\" content=\"Verf\u00fcgbarkeit\" \/>\n\t<meta name=\"twitter:data2\" content=\"Auf Lager\" \/>\n<script type=\"application\/ld+json\" class=\"yoast-schema-graph\">{\"@context\":\"https:\/\/schema.org\",\"@graph\":[{\"@type\":\"WebPage\",\"@id\":\"https:\/\/www.blueboatrental.fr\/location-bateau-guadeloupe\/bateau\/semi-rigide\/location-bateaux-guadeloupe-les-saintes-yop-yop\/\",\"url\":\"https:\/\/www.blueboatrental.fr\/location-bateau-guadeloupe\/bateau\/semi-rigide\/location-bateaux-guadeloupe-les-saintes-yop-yop\/\",\"name\":\"Location de bateaux aux Saintes en Guadeloupe - Yop Yop, au d\u00e9part des Saintes - Blue Boat Rental\",\"isPartOf\":{\"@id\":\"https:\/\/www.blueboatrental.fr\/fr\/#website\"},\"primaryImageOfPage\":{\"@id\":\"https:\/\/www.blueboatrental.fr\/location-bateau-guadeloupe\/bateau\/semi-rigide\/location-bateaux-guadeloupe-les-saintes-yop-yop\/#primaryimage\"},\"image\":{\"@id\":\"https:\/\/www.blueboatrental.fr\/location-bateau-guadeloupe\/bateau\/semi-rigide\/location-bateaux-guadeloupe-les-saintes-yop-yop\/#primaryimage\"},\"thumbnailUrl\":\"https:\/\/i0.wp.com\/www.blueboatrental.fr\/wp-content\/uploads\/2025\/03\/yopyop-tdh_0.jpg?fit=1280%2C675&ssl=1\",\"datePublished\":\"2025-02-23T08:18:11+00:00\",\"dateModified\":\"2026-04-01T12:07:20+00:00\",\"description\":\"Location de bateaux \u00e0 Terre-de-Haut aux Saintes en Guadeloupe, partez \u00e0 la d\u00e9couverte des Saintes. C'est le bateau parfait pour d\u00e9couvrir toutes ses \u00eeles.\",\"breadcrumb\":{\"@id\":\"https:\/\/www.blueboatrental.fr\/location-bateau-guadeloupe\/bateau\/semi-rigide\/location-bateaux-guadeloupe-les-saintes-yop-yop\/#breadcrumb\"},\"inLanguage\":\"de\",\"potentialAction\":[{\"@type\":\"ReadAction\",\"target\":[\"https:\/\/www.blueboatrental.fr\/location-bateau-guadeloupe\/bateau\/semi-rigide\/location-bateaux-guadeloupe-les-saintes-yop-yop\/\"]}]},{\"@type\":\"ImageObject\",\"inLanguage\":\"de\",\"@id\":\"https:\/\/www.blueboatrental.fr\/location-bateau-guadeloupe\/bateau\/semi-rigide\/location-bateaux-guadeloupe-les-saintes-yop-yop\/#primaryimage\",\"url\":\"https:\/\/i0.wp.com\/www.blueboatrental.fr\/wp-content\/uploads\/2025\/03\/yopyop-tdh_0.jpg?fit=1280%2C675&ssl=1\",\"contentUrl\":\"https:\/\/i0.wp.com\/www.blueboatrental.fr\/wp-content\/uploads\/2025\/03\/yopyop-tdh_0.jpg?fit=1280%2C675&ssl=1\",\"width\":1280,\"height\":675,\"caption\":\"yopyop les saintes guadeloupe\"},{\"@type\":\"BreadcrumbList\",\"@id\":\"https:\/\/www.blueboatrental.fr\/location-bateau-guadeloupe\/bateau\/semi-rigide\/location-bateaux-guadeloupe-les-saintes-yop-yop\/#breadcrumb\",\"itemListElement\":[{\"@type\":\"ListItem\",\"position\":1,\"name\":\"Accueil\",\"item\":\"https:\/\/www.blueboatrental.fr\/\"},{\"@type\":\"ListItem\",\"position\":2,\"name\":\"Location de bateaux en Guadeloupe\",\"item\":\"https:\/\/www.blueboatrental.fr\/\"},{\"@type\":\"ListItem\",\"position\":3,\"name\":\"Yop Yop, au d\u00e9part des Saintes\"}]},{\"@type\":\"WebSite\",\"@id\":\"https:\/\/www.blueboatrental.fr\/fr\/#website\",\"url\":\"https:\/\/www.blueboatrental.fr\/fr\/\",\"name\":\"Blue Boat Rental\",\"description\":\"Louez votre bateau en Guadeloupe\",\"publisher\":{\"@id\":\"https:\/\/www.blueboatrental.fr\/fr\/#organization\"},\"potentialAction\":[{\"@type\":\"SearchAction\",\"target\":{\"@type\":\"EntryPoint\",\"urlTemplate\":\"https:\/\/www.blueboatrental.fr\/fr\/?s={search_term_string}\"},\"query-input\":{\"@type\":\"PropertyValueSpecification\",\"valueRequired\":true,\"valueName\":\"search_term_string\"}}],\"inLanguage\":\"de\"},{\"@type\":\"Organization\",\"@id\":\"https:\/\/www.blueboatrental.fr\/fr\/#organization\",\"name\":\"Blue Boat Rental\",\"url\":\"https:\/\/www.blueboatrental.fr\/fr\/\",\"logo\":{\"@type\":\"ImageObject\",\"inLanguage\":\"de\",\"@id\":\"https:\/\/www.blueboatrental.fr\/fr\/#\/schema\/logo\/image\/\",\"url\":\"https:\/\/i0.wp.com\/www.blueboatrental.fr\/wp-content\/uploads\/2025\/02\/logo.png?fit=512%2C512&ssl=1\",\"contentUrl\":\"https:\/\/i0.wp.com\/www.blueboatrental.fr\/wp-content\/uploads\/2025\/02\/logo.png?fit=512%2C512&ssl=1\",\"width\":512,\"height\":512,\"caption\":\"Blue Boat Rental\"},\"image\":{\"@id\":\"https:\/\/www.blueboatrental.fr\/fr\/#\/schema\/logo\/image\/\"},\"sameAs\":[\"https:\/\/www.facebook.com\/BlueBoatRentalGuadeloupe\/\"]}]}<\/script>\n<meta property=\"product:price:amount\" content=\"290.00\" \/>\n<meta property=\"product:price:currency\" content=\"EUR\" \/>\n<meta property=\"og:availability\" content=\"instock\" \/>\n<meta property=\"product:availability\" content=\"instock\" \/>\n<meta property=\"product:condition\" content=\"new\" \/>\n<!-- \/ Yoast SEO Premium plugin. -->","yoast_head_json":{"title":"Location de bateaux aux Saintes en Guadeloupe - Yop Yop, au d\u00e9part des Saintes - Blue Boat Rental","description":"Location de bateaux \u00e0 Terre-de-Haut aux Saintes en Guadeloupe, partez \u00e0 la d\u00e9couverte des Saintes. C'est le bateau parfait pour d\u00e9couvrir toutes ses \u00eeles.","robots":{"index":"index","follow":"follow","max-snippet":"max-snippet:-1","max-image-preview":"max-image-preview:large","max-video-preview":"max-video-preview:-1"},"canonical":"https:\/\/www.blueboatrental.fr\/de\/location-bateau-guadeloupe\/bateau\/semi-rigide\/location-bateaux-guadeloupe-les-saintes-yop-yop\/","og_locale":"de_DE","og_type":"article","og_title":"Yop Yop, au d\u00e9part des Saintes","og_description":"Location de bateaux \u00e0 Terre-de-Haut aux Saintes en Guadeloupe, partez \u00e0 la d\u00e9couverte des Saintes. C'est le bateau parfait pour d\u00e9couvrir toutes ses \u00eeles.","og_url":"https:\/\/www.blueboatrental.fr\/de\/location-bateau-guadeloupe\/bateau\/semi-rigide\/location-bateaux-guadeloupe-les-saintes-yop-yop\/","og_site_name":"Blue Boat Rental","article_publisher":"https:\/\/www.facebook.com\/BlueBoatRentalGuadeloupe\/","article_modified_time":"2026-04-01T12:07:20+00:00","og_image":[{"width":1280,"height":675,"url":"https:\/\/www.blueboatrental.fr\/wp-content\/uploads\/2025\/03\/yopyop-tdh_0.jpg","type":"image\/jpeg"}],"twitter_card":"summary_large_image","twitter_misc":{"Preis":"290,00&nbsp;&euro;","Verf\u00fcgbarkeit":"Auf Lager"},"schema":{"@context":"https:\/\/schema.org","@graph":[{"@type":"WebPage","@id":"https:\/\/www.blueboatrental.fr\/location-bateau-guadeloupe\/bateau\/semi-rigide\/location-bateaux-guadeloupe-les-saintes-yop-yop\/","url":"https:\/\/www.blueboatrental.fr\/location-bateau-guadeloupe\/bateau\/semi-rigide\/location-bateaux-guadeloupe-les-saintes-yop-yop\/","name":"Location de bateaux aux Saintes en Guadeloupe - Yop Yop, au d\u00e9part des Saintes - Blue Boat Rental","isPartOf":{"@id":"https:\/\/www.blueboatrental.fr\/fr\/#website"},"primaryImageOfPage":{"@id":"https:\/\/www.blueboatrental.fr\/location-bateau-guadeloupe\/bateau\/semi-rigide\/location-bateaux-guadeloupe-les-saintes-yop-yop\/#primaryimage"},"image":{"@id":"https:\/\/www.blueboatrental.fr\/location-bateau-guadeloupe\/bateau\/semi-rigide\/location-bateaux-guadeloupe-les-saintes-yop-yop\/#primaryimage"},"thumbnailUrl":"https:\/\/i0.wp.com\/www.blueboatrental.fr\/wp-content\/uploads\/2025\/03\/yopyop-tdh_0.jpg?fit=1280%2C675&ssl=1","datePublished":"2025-02-23T08:18:11+00:00","dateModified":"2026-04-01T12:07:20+00:00","description":"Location de bateaux \u00e0 Terre-de-Haut aux Saintes en Guadeloupe, partez \u00e0 la d\u00e9couverte des Saintes. C'est le bateau parfait pour d\u00e9couvrir toutes ses \u00eeles.","breadcrumb":{"@id":"https:\/\/www.blueboatrental.fr\/location-bateau-guadeloupe\/bateau\/semi-rigide\/location-bateaux-guadeloupe-les-saintes-yop-yop\/#breadcrumb"},"inLanguage":"de","potentialAction":[{"@type":"ReadAction","target":["https:\/\/www.blueboatrental.fr\/location-bateau-guadeloupe\/bateau\/semi-rigide\/location-bateaux-guadeloupe-les-saintes-yop-yop\/"]}]},{"@type":"ImageObject","inLanguage":"de","@id":"https:\/\/www.blueboatrental.fr\/location-bateau-guadeloupe\/bateau\/semi-rigide\/location-bateaux-guadeloupe-les-saintes-yop-yop\/#primaryimage","url":"https:\/\/i0.wp.com\/www.blueboatrental.fr\/wp-content\/uploads\/2025\/03\/yopyop-tdh_0.jpg?fit=1280%2C675&ssl=1","contentUrl":"https:\/\/i0.wp.com\/www.blueboatrental.fr\/wp-content\/uploads\/2025\/03\/yopyop-tdh_0.jpg?fit=1280%2C675&ssl=1","width":1280,"height":675,"caption":"yopyop les saintes guadeloupe"},{"@type":"BreadcrumbList","@id":"https:\/\/www.blueboatrental.fr\/location-bateau-guadeloupe\/bateau\/semi-rigide\/location-bateaux-guadeloupe-les-saintes-yop-yop\/#breadcrumb","itemListElement":[{"@type":"ListItem","position":1,"name":"Accueil","item":"https:\/\/www.blueboatrental.fr\/"},{"@type":"ListItem","position":2,"name":"Location de bateaux en Guadeloupe","item":"https:\/\/www.blueboatrental.fr\/"},{"@type":"ListItem","position":3,"name":"Yop Yop, au d\u00e9part des Saintes"}]},{"@type":"WebSite","@id":"https:\/\/www.blueboatrental.fr\/fr\/#website","url":"https:\/\/www.blueboatrental.fr\/fr\/","name":"Blaue Bootsvermietung","description":"Mieten Sie Ihr Boot auf Guadeloupe","publisher":{"@id":"https:\/\/www.blueboatrental.fr\/fr\/#organization"},"potentialAction":[{"@type":"SearchAction","target":{"@type":"EntryPoint","urlTemplate":"https:\/\/www.blueboatrental.fr\/fr\/?s={search_term_string}"},"query-input":{"@type":"PropertyValueSpecification","valueRequired":true,"valueName":"search_term_string"}}],"inLanguage":"de"},{"@type":"Organization","@id":"https:\/\/www.blueboatrental.fr\/fr\/#organization","name":"Blaue Bootsvermietung","url":"https:\/\/www.blueboatrental.fr\/fr\/","logo":{"@type":"ImageObject","inLanguage":"de","@id":"https:\/\/www.blueboatrental.fr\/fr\/#\/schema\/logo\/image\/","url":"https:\/\/i0.wp.com\/www.blueboatrental.fr\/wp-content\/uploads\/2025\/02\/logo.png?fit=512%2C512&ssl=1","contentUrl":"https:\/\/i0.wp.com\/www.blueboatrental.fr\/wp-content\/uploads\/2025\/02\/logo.png?fit=512%2C512&ssl=1","width":512,"height":512,"caption":"Blue Boat Rental"},"image":{"@id":"https:\/\/www.blueboatrental.fr\/fr\/#\/schema\/logo\/image\/"},"sameAs":["https:\/\/www.facebook.com\/BlueBoatRentalGuadeloupe\/"]}]},"product_price_amount":"290.00","product_price_currency":"EUR","og_availability":"instock","product_availability":"instock","product_condition":"new"},"jetpack_sharing_enabled":true,"_links":{"self":[{"href":"https:\/\/www.blueboatrental.fr\/de\/wp-json\/wp\/v2\/product\/100","targetHints":{"allow":["GET"]}}],"collection":[{"href":"https:\/\/www.blueboatrental.fr\/de\/wp-json\/wp\/v2\/product"}],"about":[{"href":"https:\/\/www.blueboatrental.fr\/de\/wp-json\/wp\/v2\/types\/product"}],"wp:featuredmedia":[{"embeddable":true,"href":"https:\/\/www.blueboatrental.fr\/de\/wp-json\/wp\/v2\/media\/208"}],"wp:attachment":[{"href":"https:\/\/www.blueboatrental.fr\/de\/wp-json\/wp\/v2\/media?parent=100"}],"wp:term":[{"taxonomy":"product_brand","embeddable":true,"href":"https:\/\/www.blueboatrental.fr\/de\/wp-json\/wp\/v2\/product_brand?post=100"},{"taxonomy":"product_cat","embeddable":true,"href":"https:\/\/www.blueboatrental.fr\/de\/wp-json\/wp\/v2\/product_cat?post=100"},{"taxonomy":"product_tag","embeddable":true,"href":"https:\/\/www.blueboatrental.fr\/de\/wp-json\/wp\/v2\/product_tag?post=100"}],"curies":[{"name":"wp","href":"https:\/\/api.w.org\/{rel}","templated":true}]}}