{"id":1975,"date":"2025-08-07T11:07:53","date_gmt":"2025-08-07T15:07:53","guid":{"rendered":"https:\/\/www.blueboatrental.fr\/?post_type=product&#038;p=1975"},"modified":"2026-04-19T19:52:42","modified_gmt":"2026-04-19T23:52:42","slug":"solea","status":"publish","type":"product","link":"https:\/\/www.blueboatrental.fr\/de\/location-bateau-guadeloupe\/bateau\/semi-rigide\/solea\/","title":{"rendered":"Sol\u00e9a"},"content":{"rendered":"<h5>Navigation<\/h5>\n<p>GPS, sondeur, pour faciliter votre location de bateaux en Basse-Terre en Guadeloupe. En effet, la location de bateaux en Basse-Terre en Guadeloupe n\u00e9cessite des \u00e9quipements modernes pour une navigation facile.<\/p>\n<h5>Confort<\/h5>\n<p>Taud de soleil, bain de soleil, connexion bluetooth, table, douche de pont. Ce confort est essentiel pour profiter pleinement de votre location de bateaux en Guadeloupe.<\/p>\n<h5>\u00c9nergie<\/h5>\n<p>Prise USB pour votre location de bateau en Guadeloupe, \u00e0 Basse-Terre.<\/p>\n<h5>Loisir<\/h5>\n<p>\u00c9chelle, haut-parleurs ext\u00e9rieurs, ajoutant du plaisir \u00e0 votre exp\u00e9rience de location de bateaux en Basse-Terre en Guadeloupe.<\/p>\n<h5>Sanitaire<\/h5>\n<p>Eau douce, \u00e0 bord du bateau lou\u00e9 en Guadeloupe Basse-Terre, l\u00e0 o\u00f9 les bateaux en location vous permettent d&rsquo;explorer.<\/p>","protected":false},"excerpt":{"rendered":"<p><!--StartFragment --><\/p>\n<p dir=\"ltr\">Sol\u00e9a, c\u2019est bien plus qu\u2019un bateau : c\u2019est une invitation \u00e0 d\u00e9couvrir les tr\u00e9sors cach\u00e9s de la mer des Cara\u00efbes. \u00c0 bord, confort et s\u00e9curit\u00e9 vous accompagnent pour une journ\u00e9e inoubliable entre amis, en famille ou en amoureux. Sol\u00e9a peut accueillir jusqu&rsquo;\u00e0 10 personnes<\/p>\n<p dir=\"ltr\">Partez explorer les plus belles criques, plongez dans les lagons cristallins, admirez les c\u00f4tes sauvages de la Guadeloupe ou des Saintes\u2026 Vous \u00eates au c\u0153ur du paradis.<\/p>\n<p><!--EndFragment --><\/p>\n<p><strong>Conditions de Location de Solea<\/strong><\/p>\n<p>Pour garantir une exp\u00e9rience de navigation s\u00fbre et agr\u00e9able pour tous, la location du Solea est soumise aux conditions suivantes :<\/p>\n<p>\u00c2ge Minimum Requis : Le locataire principal doit \u00eatre \u00e2g\u00e9 de 21 ans r\u00e9volus au jour de la prise en charge.<\/p>\n<p>Exp\u00e9rience de Navigation : Une solide exp\u00e9rience de navigation est exig\u00e9e. Les locataires doivent pouvoir d\u00e9montrer une bonne ma\u00eetrise d&rsquo;un bateau de capacit\u00e9 et de puissance similaires \u00e0 celles de Solea.<\/p>\n<p>Notre objectif est de nous assurer que\u00a0 Solea est pilot\u00e9 en toute s\u00e9curit\u00e9, dans le respect des r\u00e8glements maritimes et du mat\u00e9riel.<\/p>\n<p>A tr\u00e8s bient\u00f4t \u00e0 bord !<\/p>\n<p>&nbsp;<\/p>","protected":false},"featured_media":2437,"template":"","meta":[],"product_brand":[],"product_cat":[24],"product_tag":[],"class_list":{"0":"post-1975","1":"product","2":"type-product","3":"status-publish","4":"has-post-thumbnail","6":"product_cat-semi-rigide","8":"first","9":"instock","10":"featured","11":"virtual","12":"sold-individually","13":"taxable","14":"purchasable","15":"product-type-booking"},"booking_location":"","booking_location_type":"","booking_duration":1,"booking_duration_unit":"day","booking_buffer":0,"booking_cost":0,"booking_resources":[1977],"yoast_head":"<!-- This site is optimized with the Yoast SEO Premium plugin v26.5 (Yoast SEO v26.5) - https:\/\/yoast.com\/wordpress\/plugins\/seo\/ -->\n<title>Location de bateaux en Basse-Terre en Guadeloupe - Sol\u00e9a - Blue Boat Rental<\/title>\n<meta name=\"description\" content=\"Location de bateaux en Guadeloupe, \u00e0 Rivi\u00e8re-Sens en Basse-Terre, partez \u00e0 la d\u00e9couverte des Saintes, du phare de Vieux-Fort et de la C\u00f4te-sous-le-Vent.\" \/>\n<meta name=\"robots\" content=\"index, follow, max-snippet:-1, max-image-preview:large, max-video-preview:-1\" \/>\n<link rel=\"canonical\" href=\"https:\/\/www.blueboatrental.fr\/de\/location-bateau-guadeloupe\/bateau\/semi-rigide\/solea\/\" \/>\n<meta property=\"og:locale\" content=\"de_DE\" \/>\n<meta property=\"og:type\" content=\"article\" \/>\n<meta property=\"og:title\" content=\"Sol\u00e9a\" \/>\n<meta property=\"og:description\" content=\"Location de bateaux en Guadeloupe, \u00e0 Rivi\u00e8re-Sens en Basse-Terre, partez \u00e0 la d\u00e9couverte des Saintes, du phare de Vieux-Fort et de la C\u00f4te-sous-le-Vent.\" \/>\n<meta property=\"og:url\" content=\"https:\/\/www.blueboatrental.fr\/de\/location-bateau-guadeloupe\/bateau\/semi-rigide\/solea\/\" \/>\n<meta property=\"og:site_name\" content=\"Blue Boat Rental\" \/>\n<meta property=\"article:publisher\" content=\"https:\/\/www.facebook.com\/BlueBoatRentalGuadeloupe\/\" \/>\n<meta property=\"article:modified_time\" content=\"2026-04-19T23:52:42+00:00\" \/>\n<meta property=\"og:image\" content=\"https:\/\/www.blueboatrental.fr\/wp-content\/uploads\/2025\/12\/blueboatrental_solea0016-e1767731037284.jpg\" \/>\n\t<meta property=\"og:image:width\" content=\"1172\" \/>\n\t<meta property=\"og:image:height\" content=\"618\" \/>\n\t<meta property=\"og:image:type\" content=\"image\/jpeg\" \/>\n<meta name=\"twitter:card\" content=\"summary_large_image\" \/>\n<meta name=\"twitter:label1\" content=\"Preis\" \/>\n\t<meta name=\"twitter:data1\" content=\"395,00&nbsp;&euro;\" \/>\n\t<meta name=\"twitter:label2\" content=\"Verf\u00fcgbarkeit\" \/>\n\t<meta name=\"twitter:data2\" content=\"Auf Lager\" \/>\n<script type=\"application\/ld+json\" class=\"yoast-schema-graph\">{\"@context\":\"https:\/\/schema.org\",\"@graph\":[{\"@type\":\"WebPage\",\"@id\":\"https:\/\/www.blueboatrental.fr\/location-bateau-guadeloupe\/bateau\/semi-rigide\/solea\/\",\"url\":\"https:\/\/www.blueboatrental.fr\/location-bateau-guadeloupe\/bateau\/semi-rigide\/solea\/\",\"name\":\"Location de bateaux en Basse-Terre en Guadeloupe - Sol\u00e9a - Blue Boat Rental\",\"isPartOf\":{\"@id\":\"https:\/\/www.blueboatrental.fr\/fr\/#website\"},\"primaryImageOfPage\":{\"@id\":\"https:\/\/www.blueboatrental.fr\/location-bateau-guadeloupe\/bateau\/semi-rigide\/solea\/#primaryimage\"},\"image\":{\"@id\":\"https:\/\/www.blueboatrental.fr\/location-bateau-guadeloupe\/bateau\/semi-rigide\/solea\/#primaryimage\"},\"thumbnailUrl\":\"https:\/\/i0.wp.com\/www.blueboatrental.fr\/wp-content\/uploads\/2025\/12\/blueboatrental_solea0016-e1767731037284.jpg?fit=1172%2C618&ssl=1\",\"datePublished\":\"2025-08-07T15:07:53+00:00\",\"dateModified\":\"2026-04-19T23:52:42+00:00\",\"description\":\"Location de bateaux en Guadeloupe, \u00e0 Rivi\u00e8re-Sens en Basse-Terre, partez \u00e0 la d\u00e9couverte des Saintes, du phare de Vieux-Fort et de la C\u00f4te-sous-le-Vent.\",\"breadcrumb\":{\"@id\":\"https:\/\/www.blueboatrental.fr\/location-bateau-guadeloupe\/bateau\/semi-rigide\/solea\/#breadcrumb\"},\"inLanguage\":\"de\",\"potentialAction\":[{\"@type\":\"ReadAction\",\"target\":[\"https:\/\/www.blueboatrental.fr\/location-bateau-guadeloupe\/bateau\/semi-rigide\/solea\/\"]}]},{\"@type\":\"ImageObject\",\"inLanguage\":\"de\",\"@id\":\"https:\/\/www.blueboatrental.fr\/location-bateau-guadeloupe\/bateau\/semi-rigide\/solea\/#primaryimage\",\"url\":\"https:\/\/i0.wp.com\/www.blueboatrental.fr\/wp-content\/uploads\/2025\/12\/blueboatrental_solea0016-e1767731037284.jpg?fit=1172%2C618&ssl=1\",\"contentUrl\":\"https:\/\/i0.wp.com\/www.blueboatrental.fr\/wp-content\/uploads\/2025\/12\/blueboatrental_solea0016-e1767731037284.jpg?fit=1172%2C618&ssl=1\",\"width\":1172,\"height\":618,\"caption\":\"Vue arri\u00e8re de Sol\u00e9a avec son superbe moteur Mercury V8 de 300ch\"},{\"@type\":\"BreadcrumbList\",\"@id\":\"https:\/\/www.blueboatrental.fr\/location-bateau-guadeloupe\/bateau\/semi-rigide\/solea\/#breadcrumb\",\"itemListElement\":[{\"@type\":\"ListItem\",\"position\":1,\"name\":\"Accueil\",\"item\":\"https:\/\/www.blueboatrental.fr\/\"},{\"@type\":\"ListItem\",\"position\":2,\"name\":\"Location de bateaux en Guadeloupe\",\"item\":\"https:\/\/www.blueboatrental.fr\/\"},{\"@type\":\"ListItem\",\"position\":3,\"name\":\"Sol\u00e9a\"}]},{\"@type\":\"WebSite\",\"@id\":\"https:\/\/www.blueboatrental.fr\/fr\/#website\",\"url\":\"https:\/\/www.blueboatrental.fr\/fr\/\",\"name\":\"Blue Boat Rental\",\"description\":\"Louez votre bateau en Guadeloupe\",\"publisher\":{\"@id\":\"https:\/\/www.blueboatrental.fr\/fr\/#organization\"},\"potentialAction\":[{\"@type\":\"SearchAction\",\"target\":{\"@type\":\"EntryPoint\",\"urlTemplate\":\"https:\/\/www.blueboatrental.fr\/fr\/?s={search_term_string}\"},\"query-input\":{\"@type\":\"PropertyValueSpecification\",\"valueRequired\":true,\"valueName\":\"search_term_string\"}}],\"inLanguage\":\"de\"},{\"@type\":\"Organization\",\"@id\":\"https:\/\/www.blueboatrental.fr\/fr\/#organization\",\"name\":\"Blue Boat Rental\",\"url\":\"https:\/\/www.blueboatrental.fr\/fr\/\",\"logo\":{\"@type\":\"ImageObject\",\"inLanguage\":\"de\",\"@id\":\"https:\/\/www.blueboatrental.fr\/fr\/#\/schema\/logo\/image\/\",\"url\":\"https:\/\/i0.wp.com\/www.blueboatrental.fr\/wp-content\/uploads\/2025\/02\/logo.png?fit=512%2C512&ssl=1\",\"contentUrl\":\"https:\/\/i0.wp.com\/www.blueboatrental.fr\/wp-content\/uploads\/2025\/02\/logo.png?fit=512%2C512&ssl=1\",\"width\":512,\"height\":512,\"caption\":\"Blue Boat Rental\"},\"image\":{\"@id\":\"https:\/\/www.blueboatrental.fr\/fr\/#\/schema\/logo\/image\/\"},\"sameAs\":[\"https:\/\/www.facebook.com\/BlueBoatRentalGuadeloupe\/\"]}]}<\/script>\n<meta property=\"product:price:amount\" content=\"395.00\" \/>\n<meta property=\"product:price:currency\" content=\"EUR\" \/>\n<meta property=\"og:availability\" content=\"instock\" \/>\n<meta property=\"product:availability\" content=\"instock\" \/>\n<meta property=\"product:condition\" content=\"new\" \/>\n<!-- \/ Yoast SEO Premium plugin. -->","yoast_head_json":{"title":"Location de bateaux en Basse-Terre en Guadeloupe - Sol\u00e9a - Blue Boat Rental","description":"Location de bateaux en Guadeloupe, \u00e0 Rivi\u00e8re-Sens en Basse-Terre, partez \u00e0 la d\u00e9couverte des Saintes, du phare de Vieux-Fort et de la C\u00f4te-sous-le-Vent.","robots":{"index":"index","follow":"follow","max-snippet":"max-snippet:-1","max-image-preview":"max-image-preview:large","max-video-preview":"max-video-preview:-1"},"canonical":"https:\/\/www.blueboatrental.fr\/de\/location-bateau-guadeloupe\/bateau\/semi-rigide\/solea\/","og_locale":"de_DE","og_type":"article","og_title":"Sol\u00e9a","og_description":"Location de bateaux en Guadeloupe, \u00e0 Rivi\u00e8re-Sens en Basse-Terre, partez \u00e0 la d\u00e9couverte des Saintes, du phare de Vieux-Fort et de la C\u00f4te-sous-le-Vent.","og_url":"https:\/\/www.blueboatrental.fr\/de\/location-bateau-guadeloupe\/bateau\/semi-rigide\/solea\/","og_site_name":"Blue Boat Rental","article_publisher":"https:\/\/www.facebook.com\/BlueBoatRentalGuadeloupe\/","article_modified_time":"2026-04-19T23:52:42+00:00","og_image":[{"width":1172,"height":618,"url":"https:\/\/www.blueboatrental.fr\/wp-content\/uploads\/2025\/12\/blueboatrental_solea0016-e1767731037284.jpg","type":"image\/jpeg"}],"twitter_card":"summary_large_image","twitter_misc":{"Preis":"395,00&nbsp;&euro;","Verf\u00fcgbarkeit":"Auf Lager"},"schema":{"@context":"https:\/\/schema.org","@graph":[{"@type":"WebPage","@id":"https:\/\/www.blueboatrental.fr\/location-bateau-guadeloupe\/bateau\/semi-rigide\/solea\/","url":"https:\/\/www.blueboatrental.fr\/location-bateau-guadeloupe\/bateau\/semi-rigide\/solea\/","name":"Location de bateaux en Basse-Terre en Guadeloupe - Sol\u00e9a - Blue Boat Rental","isPartOf":{"@id":"https:\/\/www.blueboatrental.fr\/fr\/#website"},"primaryImageOfPage":{"@id":"https:\/\/www.blueboatrental.fr\/location-bateau-guadeloupe\/bateau\/semi-rigide\/solea\/#primaryimage"},"image":{"@id":"https:\/\/www.blueboatrental.fr\/location-bateau-guadeloupe\/bateau\/semi-rigide\/solea\/#primaryimage"},"thumbnailUrl":"https:\/\/i0.wp.com\/www.blueboatrental.fr\/wp-content\/uploads\/2025\/12\/blueboatrental_solea0016-e1767731037284.jpg?fit=1172%2C618&ssl=1","datePublished":"2025-08-07T15:07:53+00:00","dateModified":"2026-04-19T23:52:42+00:00","description":"Location de bateaux en Guadeloupe, \u00e0 Rivi\u00e8re-Sens en Basse-Terre, partez \u00e0 la d\u00e9couverte des Saintes, du phare de Vieux-Fort et de la C\u00f4te-sous-le-Vent.","breadcrumb":{"@id":"https:\/\/www.blueboatrental.fr\/location-bateau-guadeloupe\/bateau\/semi-rigide\/solea\/#breadcrumb"},"inLanguage":"de","potentialAction":[{"@type":"ReadAction","target":["https:\/\/www.blueboatrental.fr\/location-bateau-guadeloupe\/bateau\/semi-rigide\/solea\/"]}]},{"@type":"ImageObject","inLanguage":"de","@id":"https:\/\/www.blueboatrental.fr\/location-bateau-guadeloupe\/bateau\/semi-rigide\/solea\/#primaryimage","url":"https:\/\/i0.wp.com\/www.blueboatrental.fr\/wp-content\/uploads\/2025\/12\/blueboatrental_solea0016-e1767731037284.jpg?fit=1172%2C618&ssl=1","contentUrl":"https:\/\/i0.wp.com\/www.blueboatrental.fr\/wp-content\/uploads\/2025\/12\/blueboatrental_solea0016-e1767731037284.jpg?fit=1172%2C618&ssl=1","width":1172,"height":618,"caption":"Vue arri\u00e8re de Sol\u00e9a avec son superbe moteur Mercury V8 de 300ch"},{"@type":"BreadcrumbList","@id":"https:\/\/www.blueboatrental.fr\/location-bateau-guadeloupe\/bateau\/semi-rigide\/solea\/#breadcrumb","itemListElement":[{"@type":"ListItem","position":1,"name":"Accueil","item":"https:\/\/www.blueboatrental.fr\/"},{"@type":"ListItem","position":2,"name":"Location de bateaux en Guadeloupe","item":"https:\/\/www.blueboatrental.fr\/"},{"@type":"ListItem","position":3,"name":"Sol\u00e9a"}]},{"@type":"WebSite","@id":"https:\/\/www.blueboatrental.fr\/fr\/#website","url":"https:\/\/www.blueboatrental.fr\/fr\/","name":"Blue Boat Rental","description":"Louez votre bateau en Guadeloupe","publisher":{"@id":"https:\/\/www.blueboatrental.fr\/fr\/#organization"},"potentialAction":[{"@type":"SearchAction","target":{"@type":"EntryPoint","urlTemplate":"https:\/\/www.blueboatrental.fr\/fr\/?s={search_term_string}"},"query-input":{"@type":"PropertyValueSpecification","valueRequired":true,"valueName":"search_term_string"}}],"inLanguage":"de"},{"@type":"Organization","@id":"https:\/\/www.blueboatrental.fr\/fr\/#organization","name":"Blue Boat Rental","url":"https:\/\/www.blueboatrental.fr\/fr\/","logo":{"@type":"ImageObject","inLanguage":"de","@id":"https:\/\/www.blueboatrental.fr\/fr\/#\/schema\/logo\/image\/","url":"https:\/\/i0.wp.com\/www.blueboatrental.fr\/wp-content\/uploads\/2025\/02\/logo.png?fit=512%2C512&ssl=1","contentUrl":"https:\/\/i0.wp.com\/www.blueboatrental.fr\/wp-content\/uploads\/2025\/02\/logo.png?fit=512%2C512&ssl=1","width":512,"height":512,"caption":"Blue Boat Rental"},"image":{"@id":"https:\/\/www.blueboatrental.fr\/fr\/#\/schema\/logo\/image\/"},"sameAs":["https:\/\/www.facebook.com\/BlueBoatRentalGuadeloupe\/"]}]},"product_price_amount":"395.00","product_price_currency":"EUR","og_availability":"instock","product_availability":"instock","product_condition":"new"},"jetpack_sharing_enabled":true,"_links":{"self":[{"href":"https:\/\/www.blueboatrental.fr\/de\/wp-json\/wp\/v2\/product\/1975","targetHints":{"allow":["GET"]}}],"collection":[{"href":"https:\/\/www.blueboatrental.fr\/de\/wp-json\/wp\/v2\/product"}],"about":[{"href":"https:\/\/www.blueboatrental.fr\/de\/wp-json\/wp\/v2\/types\/product"}],"wp:featuredmedia":[{"embeddable":true,"href":"https:\/\/www.blueboatrental.fr\/de\/wp-json\/wp\/v2\/media\/2437"}],"wp:attachment":[{"href":"https:\/\/www.blueboatrental.fr\/de\/wp-json\/wp\/v2\/media?parent=1975"}],"wp:term":[{"taxonomy":"product_brand","embeddable":true,"href":"https:\/\/www.blueboatrental.fr\/de\/wp-json\/wp\/v2\/product_brand?post=1975"},{"taxonomy":"product_cat","embeddable":true,"href":"https:\/\/www.blueboatrental.fr\/de\/wp-json\/wp\/v2\/product_cat?post=1975"},{"taxonomy":"product_tag","embeddable":true,"href":"https:\/\/www.blueboatrental.fr\/de\/wp-json\/wp\/v2\/product_tag?post=1975"}],"curies":[{"name":"wp","href":"https:\/\/api.w.org\/{rel}","templated":true}]}}