{"id":1973,"date":"2025-08-07T11:01:46","date_gmt":"2025-08-07T15:01:46","guid":{"rendered":"https:\/\/www.blueboatrental.fr\/?post_type=product&#038;p=1973"},"modified":"2026-03-31T10:11:37","modified_gmt":"2026-03-31T14:11:37","slug":"solea-tdh","status":"publish","type":"product","link":"https:\/\/www.blueboatrental.fr\/en\/location-bateau-guadeloupe\/bateau\/semi-rigide\/solea-tdh\/","title":{"rendered":"Sol\u00e9a, departing from Les Saintes"},"content":{"rendered":"<h5>Navigation<\/h5>\n<p>GPS, fishfinder, VHF<\/p>\n<h5>Comfort<\/h5>\n<p>Sunburn, sunbathing, Bluetooth connection, table, deck shower<\/p>\n<h5>Energy<\/h5>\n<p>USB port<\/p>\n<h5>Hobby<\/h5>\n<p>Scale, outdoor speakers<\/p>\n<h5>Sanitary<\/h5>\n<p>Fresh water<\/p>","protected":false},"excerpt":{"rendered":"<p>We also offer the Sol\u00e9a boat departing from Terre-de-Haut. It's the perfect boat to discover all the islands that make up the Sainty Islands archipelago: Terre-de-Haut, Terre-de-Bas, Cabri...<br \/>\nBut also go snorkeling on the Lindy shipwreck, anchor at Pain Sucre, swim with turtles at Grand Baie Terre de Bas.<br \/>\nA day full of sensations for a complete discovery of the archipelago of Les Saintes!<\/p>\n<p>For holders of an offshore license, Marie-Galante is less than 20 nautical miles from Terre-de-Haut<\/p>\n<p><strong>Solea Rental Conditions<\/strong><\/p>\n<p>To ensure a safe and enjoyable browsing experience for everyone, renting the Solea is subject to the following conditions:<\/p>\n<p>Minimum Age Requirement: The primary renter must be 21 years of age or older on the day of pickup.<\/p>\n<p>Navigation Experience: Proven navigation experience is required. Tenants must be able to demonstrate a good command of a boat of similar capacity and power to Solea.<\/p>\n<p>Our goal is to ensure that Solea is operated safely, in compliance with maritime regulations and equipment.<\/p>","protected":false},"featured_media":2560,"template":"","meta":[],"product_brand":[],"product_cat":[24],"product_tag":[],"class_list":{"0":"post-1973","1":"product","2":"type-product","3":"status-publish","4":"has-post-thumbnail","6":"product_cat-semi-rigide","8":"first","9":"instock","10":"featured","11":"virtual","12":"sold-individually","13":"taxable","14":"purchasable","15":"product-type-booking"},"booking_location":"","booking_location_type":"","booking_duration":1,"booking_duration_unit":"day","booking_buffer":0,"booking_cost":0,"booking_resources":[1977],"yoast_head":"<!-- This site is optimized with the Yoast SEO Premium plugin v26.5 (Yoast SEO v26.5) - https:\/\/yoast.com\/wordpress\/plugins\/seo\/ -->\n<title>Location de bateaux aux Saintes en Guadeloupe - Sol\u00e9a, au d\u00e9part des Saintes - Blue Boat Rental<\/title>\n<meta name=\"description\" content=\"Location de bateaux \u00e0 Terre-de-Haut aux Saintes en Guadeloupe, partez \u00e0 la d\u00e9couverte des Saintes. C&#039;est le bateau parfait pour d\u00e9couvrir toutes ses \u00eeles.\" \/>\n<meta name=\"robots\" content=\"index, follow, max-snippet:-1, max-image-preview:large, max-video-preview:-1\" \/>\n<link rel=\"canonical\" href=\"https:\/\/www.blueboatrental.fr\/en\/location-bateau-guadeloupe\/bateau\/semi-rigide\/solea-tdh\/\" \/>\n<meta property=\"og:locale\" content=\"en_US\" \/>\n<meta property=\"og:type\" content=\"article\" \/>\n<meta property=\"og:title\" content=\"Sol\u00e9a, au d\u00e9part des Saintes\" \/>\n<meta property=\"og:description\" content=\"Location de bateaux \u00e0 Terre-de-Haut aux Saintes en Guadeloupe, partez \u00e0 la d\u00e9couverte des Saintes. C&#039;est le bateau parfait pour d\u00e9couvrir toutes ses \u00eeles.\" \/>\n<meta property=\"og:url\" content=\"https:\/\/www.blueboatrental.fr\/en\/location-bateau-guadeloupe\/bateau\/semi-rigide\/solea-tdh\/\" \/>\n<meta property=\"og:site_name\" content=\"Blue Boat Rental\" \/>\n<meta property=\"article:publisher\" content=\"https:\/\/www.facebook.com\/BlueBoatRentalGuadeloupe\/\" \/>\n<meta property=\"article:modified_time\" content=\"2026-03-31T14:11:37+00:00\" \/>\n<meta property=\"og:image\" content=\"https:\/\/www.blueboatrental.fr\/wp-content\/uploads\/2025\/12\/solea_cabri-e1767731152645.jpg\" \/>\n\t<meta property=\"og:image:width\" content=\"1920\" \/>\n\t<meta property=\"og:image:height\" content=\"1014\" \/>\n\t<meta property=\"og:image:type\" content=\"image\/jpeg\" \/>\n<meta name=\"twitter:card\" content=\"summary_large_image\" \/>\n<meta name=\"twitter:label1\" content=\"Price\" \/>\n\t<meta name=\"twitter:data1\" content=\"435,00&nbsp;&euro;\" \/>\n\t<meta name=\"twitter:label2\" content=\"Availability\" \/>\n\t<meta name=\"twitter:data2\" content=\"In stock\" \/>\n<script type=\"application\/ld+json\" class=\"yoast-schema-graph\">{\"@context\":\"https:\/\/schema.org\",\"@graph\":[{\"@type\":\"WebPage\",\"@id\":\"https:\/\/www.blueboatrental.fr\/location-bateau-guadeloupe\/bateau\/semi-rigide\/solea-tdh\/\",\"url\":\"https:\/\/www.blueboatrental.fr\/location-bateau-guadeloupe\/bateau\/semi-rigide\/solea-tdh\/\",\"name\":\"Location de bateaux aux Saintes en Guadeloupe - Sol\u00e9a, au d\u00e9part des Saintes - Blue Boat Rental\",\"isPartOf\":{\"@id\":\"https:\/\/www.blueboatrental.fr\/fr\/#website\"},\"primaryImageOfPage\":{\"@id\":\"https:\/\/www.blueboatrental.fr\/location-bateau-guadeloupe\/bateau\/semi-rigide\/solea-tdh\/#primaryimage\"},\"image\":{\"@id\":\"https:\/\/www.blueboatrental.fr\/location-bateau-guadeloupe\/bateau\/semi-rigide\/solea-tdh\/#primaryimage\"},\"thumbnailUrl\":\"https:\/\/i0.wp.com\/www.blueboatrental.fr\/wp-content\/uploads\/2025\/12\/solea_cabri-e1767731152645.jpg?fit=1920%2C1014&ssl=1\",\"datePublished\":\"2025-08-07T15:01:46+00:00\",\"dateModified\":\"2026-03-31T14:11:37+00:00\",\"description\":\"Location de bateaux \u00e0 Terre-de-Haut aux Saintes en Guadeloupe, partez \u00e0 la d\u00e9couverte des Saintes. C'est le bateau parfait pour d\u00e9couvrir toutes ses \u00eeles.\",\"breadcrumb\":{\"@id\":\"https:\/\/www.blueboatrental.fr\/location-bateau-guadeloupe\/bateau\/semi-rigide\/solea-tdh\/#breadcrumb\"},\"inLanguage\":\"en-US\",\"potentialAction\":[{\"@type\":\"ReadAction\",\"target\":[\"https:\/\/www.blueboatrental.fr\/location-bateau-guadeloupe\/bateau\/semi-rigide\/solea-tdh\/\"]}]},{\"@type\":\"ImageObject\",\"inLanguage\":\"en-US\",\"@id\":\"https:\/\/www.blueboatrental.fr\/location-bateau-guadeloupe\/bateau\/semi-rigide\/solea-tdh\/#primaryimage\",\"url\":\"https:\/\/i0.wp.com\/www.blueboatrental.fr\/wp-content\/uploads\/2025\/12\/solea_cabri-e1767731152645.jpg?fit=1920%2C1014&ssl=1\",\"contentUrl\":\"https:\/\/i0.wp.com\/www.blueboatrental.fr\/wp-content\/uploads\/2025\/12\/solea_cabri-e1767731152645.jpg?fit=1920%2C1014&ssl=1\",\"width\":1920,\"height\":1014},{\"@type\":\"BreadcrumbList\",\"@id\":\"https:\/\/www.blueboatrental.fr\/location-bateau-guadeloupe\/bateau\/semi-rigide\/solea-tdh\/#breadcrumb\",\"itemListElement\":[{\"@type\":\"ListItem\",\"position\":1,\"name\":\"Accueil\",\"item\":\"https:\/\/www.blueboatrental.fr\/\"},{\"@type\":\"ListItem\",\"position\":2,\"name\":\"Location de bateaux en Guadeloupe\",\"item\":\"https:\/\/www.blueboatrental.fr\/\"},{\"@type\":\"ListItem\",\"position\":3,\"name\":\"Sol\u00e9a, au d\u00e9part des Saintes\"}]},{\"@type\":\"WebSite\",\"@id\":\"https:\/\/www.blueboatrental.fr\/fr\/#website\",\"url\":\"https:\/\/www.blueboatrental.fr\/fr\/\",\"name\":\"Blue Boat Rental\",\"description\":\"Louez votre bateau en Guadeloupe\",\"publisher\":{\"@id\":\"https:\/\/www.blueboatrental.fr\/fr\/#organization\"},\"potentialAction\":[{\"@type\":\"SearchAction\",\"target\":{\"@type\":\"EntryPoint\",\"urlTemplate\":\"https:\/\/www.blueboatrental.fr\/fr\/?s={search_term_string}\"},\"query-input\":{\"@type\":\"PropertyValueSpecification\",\"valueRequired\":true,\"valueName\":\"search_term_string\"}}],\"inLanguage\":\"en-US\"},{\"@type\":\"Organization\",\"@id\":\"https:\/\/www.blueboatrental.fr\/fr\/#organization\",\"name\":\"Blue Boat Rental\",\"url\":\"https:\/\/www.blueboatrental.fr\/fr\/\",\"logo\":{\"@type\":\"ImageObject\",\"inLanguage\":\"en-US\",\"@id\":\"https:\/\/www.blueboatrental.fr\/fr\/#\/schema\/logo\/image\/\",\"url\":\"https:\/\/i0.wp.com\/www.blueboatrental.fr\/wp-content\/uploads\/2025\/02\/logo.png?fit=512%2C512&ssl=1\",\"contentUrl\":\"https:\/\/i0.wp.com\/www.blueboatrental.fr\/wp-content\/uploads\/2025\/02\/logo.png?fit=512%2C512&ssl=1\",\"width\":512,\"height\":512,\"caption\":\"Blue Boat Rental\"},\"image\":{\"@id\":\"https:\/\/www.blueboatrental.fr\/fr\/#\/schema\/logo\/image\/\"},\"sameAs\":[\"https:\/\/www.facebook.com\/BlueBoatRentalGuadeloupe\/\"]}]}<\/script>\n<meta property=\"product:price:amount\" content=\"435.00\" \/>\n<meta property=\"product:price:currency\" content=\"EUR\" \/>\n<meta property=\"og:availability\" content=\"instock\" \/>\n<meta property=\"product:availability\" content=\"instock\" \/>\n<meta property=\"product:condition\" content=\"new\" \/>\n<!-- \/ Yoast SEO Premium plugin. -->","yoast_head_json":{"title":"Location de bateaux aux Saintes en Guadeloupe - Sol\u00e9a, au d\u00e9part des Saintes - Blue Boat Rental","description":"Location de bateaux \u00e0 Terre-de-Haut aux Saintes en Guadeloupe, partez \u00e0 la d\u00e9couverte des Saintes. C'est le bateau parfait pour d\u00e9couvrir toutes ses \u00eeles.","robots":{"index":"index","follow":"follow","max-snippet":"max-snippet:-1","max-image-preview":"max-image-preview:large","max-video-preview":"max-video-preview:-1"},"canonical":"https:\/\/www.blueboatrental.fr\/en\/location-bateau-guadeloupe\/bateau\/semi-rigide\/solea-tdh\/","og_locale":"en_US","og_type":"article","og_title":"Sol\u00e9a, au d\u00e9part des Saintes","og_description":"Location de bateaux \u00e0 Terre-de-Haut aux Saintes en Guadeloupe, partez \u00e0 la d\u00e9couverte des Saintes. C'est le bateau parfait pour d\u00e9couvrir toutes ses \u00eeles.","og_url":"https:\/\/www.blueboatrental.fr\/en\/location-bateau-guadeloupe\/bateau\/semi-rigide\/solea-tdh\/","og_site_name":"Blue Boat Rental","article_publisher":"https:\/\/www.facebook.com\/BlueBoatRentalGuadeloupe\/","article_modified_time":"2026-03-31T14:11:37+00:00","og_image":[{"width":1920,"height":1014,"url":"https:\/\/www.blueboatrental.fr\/wp-content\/uploads\/2025\/12\/solea_cabri-e1767731152645.jpg","type":"image\/jpeg"}],"twitter_card":"summary_large_image","twitter_misc":{"Price":"435,00&nbsp;&euro;","Availability":"In stock"},"schema":{"@context":"https:\/\/schema.org","@graph":[{"@type":"WebPage","@id":"https:\/\/www.blueboatrental.fr\/location-bateau-guadeloupe\/bateau\/semi-rigide\/solea-tdh\/","url":"https:\/\/www.blueboatrental.fr\/location-bateau-guadeloupe\/bateau\/semi-rigide\/solea-tdh\/","name":"Location de bateaux aux Saintes en Guadeloupe - Sol\u00e9a, au d\u00e9part des Saintes - Blue Boat Rental","isPartOf":{"@id":"https:\/\/www.blueboatrental.fr\/fr\/#website"},"primaryImageOfPage":{"@id":"https:\/\/www.blueboatrental.fr\/location-bateau-guadeloupe\/bateau\/semi-rigide\/solea-tdh\/#primaryimage"},"image":{"@id":"https:\/\/www.blueboatrental.fr\/location-bateau-guadeloupe\/bateau\/semi-rigide\/solea-tdh\/#primaryimage"},"thumbnailUrl":"https:\/\/i0.wp.com\/www.blueboatrental.fr\/wp-content\/uploads\/2025\/12\/solea_cabri-e1767731152645.jpg?fit=1920%2C1014&ssl=1","datePublished":"2025-08-07T15:01:46+00:00","dateModified":"2026-03-31T14:11:37+00:00","description":"Location de bateaux \u00e0 Terre-de-Haut aux Saintes en Guadeloupe, partez \u00e0 la d\u00e9couverte des Saintes. C'est le bateau parfait pour d\u00e9couvrir toutes ses \u00eeles.","breadcrumb":{"@id":"https:\/\/www.blueboatrental.fr\/location-bateau-guadeloupe\/bateau\/semi-rigide\/solea-tdh\/#breadcrumb"},"inLanguage":"en-US","potentialAction":[{"@type":"ReadAction","target":["https:\/\/www.blueboatrental.fr\/location-bateau-guadeloupe\/bateau\/semi-rigide\/solea-tdh\/"]}]},{"@type":"ImageObject","inLanguage":"en-US","@id":"https:\/\/www.blueboatrental.fr\/location-bateau-guadeloupe\/bateau\/semi-rigide\/solea-tdh\/#primaryimage","url":"https:\/\/i0.wp.com\/www.blueboatrental.fr\/wp-content\/uploads\/2025\/12\/solea_cabri-e1767731152645.jpg?fit=1920%2C1014&ssl=1","contentUrl":"https:\/\/i0.wp.com\/www.blueboatrental.fr\/wp-content\/uploads\/2025\/12\/solea_cabri-e1767731152645.jpg?fit=1920%2C1014&ssl=1","width":1920,"height":1014},{"@type":"BreadcrumbList","@id":"https:\/\/www.blueboatrental.fr\/location-bateau-guadeloupe\/bateau\/semi-rigide\/solea-tdh\/#breadcrumb","itemListElement":[{"@type":"ListItem","position":1,"name":"Accueil","item":"https:\/\/www.blueboatrental.fr\/"},{"@type":"ListItem","position":2,"name":"Location de bateaux en Guadeloupe","item":"https:\/\/www.blueboatrental.fr\/"},{"@type":"ListItem","position":3,"name":"Sol\u00e9a, au d\u00e9part des Saintes"}]},{"@type":"WebSite","@id":"https:\/\/www.blueboatrental.fr\/fr\/#website","url":"https:\/\/www.blueboatrental.fr\/fr\/","name":"Blue Boat Rental","description":"Rent your boat in Guadeloupe","publisher":{"@id":"https:\/\/www.blueboatrental.fr\/fr\/#organization"},"potentialAction":[{"@type":"SearchAction","target":{"@type":"EntryPoint","urlTemplate":"https:\/\/www.blueboatrental.fr\/fr\/?s={search_term_string}"},"query-input":{"@type":"PropertyValueSpecification","valueRequired":true,"valueName":"search_term_string"}}],"inLanguage":"en-US"},{"@type":"Organization","@id":"https:\/\/www.blueboatrental.fr\/fr\/#organization","name":"Blue Boat Rental","url":"https:\/\/www.blueboatrental.fr\/fr\/","logo":{"@type":"ImageObject","inLanguage":"en-US","@id":"https:\/\/www.blueboatrental.fr\/fr\/#\/schema\/logo\/image\/","url":"https:\/\/i0.wp.com\/www.blueboatrental.fr\/wp-content\/uploads\/2025\/02\/logo.png?fit=512%2C512&ssl=1","contentUrl":"https:\/\/i0.wp.com\/www.blueboatrental.fr\/wp-content\/uploads\/2025\/02\/logo.png?fit=512%2C512&ssl=1","width":512,"height":512,"caption":"Blue Boat Rental"},"image":{"@id":"https:\/\/www.blueboatrental.fr\/fr\/#\/schema\/logo\/image\/"},"sameAs":["https:\/\/www.facebook.com\/BlueBoatRentalGuadeloupe\/"]}]},"product_price_amount":"435.00","product_price_currency":"EUR","og_availability":"instock","product_availability":"instock","product_condition":"new"},"jetpack_sharing_enabled":true,"_links":{"self":[{"href":"https:\/\/www.blueboatrental.fr\/en\/wp-json\/wp\/v2\/product\/1973","targetHints":{"allow":["GET"]}}],"collection":[{"href":"https:\/\/www.blueboatrental.fr\/en\/wp-json\/wp\/v2\/product"}],"about":[{"href":"https:\/\/www.blueboatrental.fr\/en\/wp-json\/wp\/v2\/types\/product"}],"wp:featuredmedia":[{"embeddable":true,"href":"https:\/\/www.blueboatrental.fr\/en\/wp-json\/wp\/v2\/media\/2560"}],"wp:attachment":[{"href":"https:\/\/www.blueboatrental.fr\/en\/wp-json\/wp\/v2\/media?parent=1973"}],"wp:term":[{"taxonomy":"product_brand","embeddable":true,"href":"https:\/\/www.blueboatrental.fr\/en\/wp-json\/wp\/v2\/product_brand?post=1973"},{"taxonomy":"product_cat","embeddable":true,"href":"https:\/\/www.blueboatrental.fr\/en\/wp-json\/wp\/v2\/product_cat?post=1973"},{"taxonomy":"product_tag","embeddable":true,"href":"https:\/\/www.blueboatrental.fr\/en\/wp-json\/wp\/v2\/product_tag?post=1973"}],"curies":[{"name":"wp","href":"https:\/\/api.w.org\/{rel}","templated":true}]}}