{"id":62,"date":"2025-02-23T06:56:47","date_gmt":"2025-02-23T05:56:47","guid":{"rendered":"http:\/\/blueboatrental.itgwada.com\/?post_type=product&#038;p=62"},"modified":"2026-04-13T16:08:41","modified_gmt":"2026-04-13T20:08:41","slug":"location-bateaux-guadeloupe-basse-terre-yop-yop","status":"publish","type":"product","link":"https:\/\/www.blueboatrental.fr\/en\/location-bateau-guadeloupe\/bateau\/semi-rigide\/location-bateaux-guadeloupe-basse-terre-yop-yop\/","title":{"rendered":"Yop Yop"},"content":{"rendered":"<h5>Navigation<\/h5>\n<p>GPS, sondeur<\/p>\n<h5>Confort<\/h5>\n<p>Taud de soleil, bain de soleil, connexion bluetooth, table, douche de pont<\/p>\n<h5>\u00c9nergie<\/h5>\n<p>Prise USB<\/p>\n<h5>Loisir<\/h5>\n<p>\u00c9chelle, haut-parleurs ext\u00e9rieurs<\/p>\n<h5>Sanitaire<\/h5>\n<p>Eau douce<\/p>","protected":false},"excerpt":{"rendered":"<h3 data-path-to-node=\"4\">\u00c9vadez-vous \u00e0 Bord de YopYop : Votre Journ\u00e9e Parfaite en Mer vous Attend !<\/h3>\n<p data-path-to-node=\"5\">Oubliez le quotidien et pr\u00e9parez-vous \u00e0 cr\u00e9er des <b>souvenirs inoubliables<\/b> !<\/p>\n<p data-path-to-node=\"6\"><b>YopYop<\/b>, notre superbe semi-rigide Lomac, est la promesse d&rsquo;une <b>aventure familiale<\/b> r\u00e9ussie. Con\u00e7u pour le plaisir et la s\u00e9curit\u00e9, il est le compagnon id\u00e9al pour explorer les tr\u00e9sors cach\u00e9s de la <b>magnifique C\u00f4te-sous-le-Vent<\/b> ou les eaux cristallines de la <b>Baie des Saintes<\/b>.<\/p>\n<ul data-path-to-node=\"7\">\n<li>\n<p data-path-to-node=\"7,0,0\"><b>Capacit\u00e9 :<\/b> Accueillez jusqu&rsquo;\u00e0 <b>8 personnes<\/b> confortablement pour partager ces moments magiques.<\/p>\n<\/li>\n<li>\n<p data-path-to-node=\"7,1,0\"><b>Confort :<\/b> Le bateau est \u00e9quip\u00e9 de <b>tout le n\u00e9cessaire<\/b> pour une journ\u00e9e de d\u00e9tente absolue.<\/p>\n<\/li>\n<\/ul>\n<p data-path-to-node=\"8\"><b>Passez au niveau sup\u00e9rieur !<\/b> Ajoutez une touche de folie \u00e0 votre excursion :<\/p>\n<ul data-path-to-node=\"9\">\n<li>\n<p data-path-to-node=\"9,0,0\"><b>Tapis Flottant :<\/b> Transformez l&rsquo;oc\u00e9an en aire de jeu aquatique.<\/p>\n<\/li>\n<li>\n<p data-path-to-node=\"9,1,0\"><b>Bou\u00e9e Tract\u00e9e :<\/b> Pour des \u00e9clats de rire et des sensations garanties !<\/p>\n<\/li>\n<\/ul>\n<blockquote data-path-to-node=\"10\">\n<p data-path-to-node=\"10,0\"><b>Pr\u00eat \u00e0 larguer les amarres ?<\/b> R\u00e9servez en\u00a0 quelques clics d\u00e8s aujourd&rsquo;hui pour planifier votre projet de navigation et laissez-nous vous garantir la plus belle des journ\u00e9es en mer.<\/p>\n<\/blockquote>\n<p data-path-to-node=\"11\"><b>\u00c0 tr\u00e8s bient\u00f4t \u00e0 bord de YopYop !<\/b><\/p>\n<p data-path-to-node=\"12\"><i>(Caution : 3000 \u20ac via pr\u00e9-autorisation CB, demand\u00e9e uniquement pour la r\u00e9servation.)<\/i><\/p>","protected":false},"featured_media":209,"template":"","meta":[],"product_brand":[],"product_cat":[24],"product_tag":[],"class_list":{"0":"post-62","1":"product","2":"type-product","3":"status-publish","4":"has-post-thumbnail","6":"product_cat-semi-rigide","8":"first","9":"instock","10":"featured","11":"virtual","12":"sold-individually","13":"taxable","14":"purchasable","15":"product-type-booking"},"booking_location":"","booking_location_type":"","booking_duration":1,"booking_duration_unit":"day","booking_buffer":0,"booking_cost":0,"booking_resources":[292],"yoast_head":"<!-- This site is optimized with the Yoast SEO Premium plugin v26.5 (Yoast SEO v26.5) - https:\/\/yoast.com\/wordpress\/plugins\/seo\/ -->\n<title>Location de bateaux en Basse-Terre en Guadeloupe - Yop Yop - Blue Boat Rental<\/title>\n<meta name=\"description\" content=\"Location de bateaux en Guadeloupe, \u00e0 Rivi\u00e8re-Sens en Basse-Terre, partez \u00e0 la d\u00e9couverte des Saintes, du phare de Vieux-Fort et de la C\u00f4te-sous-le-Vent.\" \/>\n<meta name=\"robots\" content=\"index, follow, max-snippet:-1, max-image-preview:large, max-video-preview:-1\" \/>\n<link rel=\"canonical\" href=\"https:\/\/www.blueboatrental.fr\/en\/location-bateau-guadeloupe\/bateau\/semi-rigide\/location-bateaux-guadeloupe-basse-terre-yop-yop\/\" \/>\n<meta property=\"og:locale\" content=\"en_US\" \/>\n<meta property=\"og:type\" content=\"article\" \/>\n<meta property=\"og:title\" content=\"Yop Yop\" \/>\n<meta property=\"og:description\" content=\"Location de bateaux en Guadeloupe, \u00e0 Rivi\u00e8re-Sens en Basse-Terre, partez \u00e0 la d\u00e9couverte des Saintes, du phare de Vieux-Fort et de la C\u00f4te-sous-le-Vent.\" \/>\n<meta property=\"og:url\" content=\"https:\/\/www.blueboatrental.fr\/en\/location-bateau-guadeloupe\/bateau\/semi-rigide\/location-bateaux-guadeloupe-basse-terre-yop-yop\/\" \/>\n<meta property=\"og:site_name\" content=\"Blue Boat Rental\" \/>\n<meta property=\"article:publisher\" content=\"https:\/\/www.facebook.com\/BlueBoatRentalGuadeloupe\/\" \/>\n<meta property=\"article:modified_time\" content=\"2026-04-13T20:08:41+00:00\" \/>\n<meta property=\"og:image\" content=\"https:\/\/www.blueboatrental.fr\/wp-content\/uploads\/2025\/03\/yopyop-gourb_0.jpg\" \/>\n\t<meta property=\"og:image:width\" content=\"1280\" \/>\n\t<meta property=\"og:image:height\" content=\"675\" \/>\n\t<meta property=\"og:image:type\" content=\"image\/jpeg\" \/>\n<meta name=\"twitter:card\" content=\"summary_large_image\" \/>\n<meta name=\"twitter:label1\" content=\"Price\" \/>\n\t<meta name=\"twitter:data1\" content=\"265,00&nbsp;&euro;\" \/>\n\t<meta name=\"twitter:label2\" content=\"Availability\" \/>\n\t<meta name=\"twitter:data2\" content=\"In stock\" \/>\n<script type=\"application\/ld+json\" class=\"yoast-schema-graph\">{\"@context\":\"https:\/\/schema.org\",\"@graph\":[{\"@type\":\"WebPage\",\"@id\":\"https:\/\/www.blueboatrental.fr\/location-bateau-guadeloupe\/bateau\/semi-rigide\/location-bateaux-guadeloupe-basse-terre-yop-yop\/\",\"url\":\"https:\/\/www.blueboatrental.fr\/location-bateau-guadeloupe\/bateau\/semi-rigide\/location-bateaux-guadeloupe-basse-terre-yop-yop\/\",\"name\":\"Location de bateaux en Basse-Terre en Guadeloupe - Yop Yop - Blue Boat Rental\",\"isPartOf\":{\"@id\":\"https:\/\/www.blueboatrental.fr\/fr\/#website\"},\"primaryImageOfPage\":{\"@id\":\"https:\/\/www.blueboatrental.fr\/location-bateau-guadeloupe\/bateau\/semi-rigide\/location-bateaux-guadeloupe-basse-terre-yop-yop\/#primaryimage\"},\"image\":{\"@id\":\"https:\/\/www.blueboatrental.fr\/location-bateau-guadeloupe\/bateau\/semi-rigide\/location-bateaux-guadeloupe-basse-terre-yop-yop\/#primaryimage\"},\"thumbnailUrl\":\"https:\/\/i0.wp.com\/www.blueboatrental.fr\/wp-content\/uploads\/2025\/03\/yopyop-gourb_0.jpg?fit=1280%2C675&ssl=1\",\"datePublished\":\"2025-02-23T05:56:47+00:00\",\"dateModified\":\"2026-04-13T20:08:41+00:00\",\"description\":\"Location de bateaux en Guadeloupe, \u00e0 Rivi\u00e8re-Sens en Basse-Terre, partez \u00e0 la d\u00e9couverte des Saintes, du phare de Vieux-Fort et de la C\u00f4te-sous-le-Vent.\",\"breadcrumb\":{\"@id\":\"https:\/\/www.blueboatrental.fr\/location-bateau-guadeloupe\/bateau\/semi-rigide\/location-bateaux-guadeloupe-basse-terre-yop-yop\/#breadcrumb\"},\"inLanguage\":\"en-US\",\"potentialAction\":[{\"@type\":\"ReadAction\",\"target\":[\"https:\/\/www.blueboatrental.fr\/location-bateau-guadeloupe\/bateau\/semi-rigide\/location-bateaux-guadeloupe-basse-terre-yop-yop\/\"]}]},{\"@type\":\"ImageObject\",\"inLanguage\":\"en-US\",\"@id\":\"https:\/\/www.blueboatrental.fr\/location-bateau-guadeloupe\/bateau\/semi-rigide\/location-bateaux-guadeloupe-basse-terre-yop-yop\/#primaryimage\",\"url\":\"https:\/\/i0.wp.com\/www.blueboatrental.fr\/wp-content\/uploads\/2025\/03\/yopyop-gourb_0.jpg?fit=1280%2C675&ssl=1\",\"contentUrl\":\"https:\/\/i0.wp.com\/www.blueboatrental.fr\/wp-content\/uploads\/2025\/03\/yopyop-gourb_0.jpg?fit=1280%2C675&ssl=1\",\"width\":1280,\"height\":675,\"caption\":\"yopyop basse-terre guadeloupe\"},{\"@type\":\"BreadcrumbList\",\"@id\":\"https:\/\/www.blueboatrental.fr\/location-bateau-guadeloupe\/bateau\/semi-rigide\/location-bateaux-guadeloupe-basse-terre-yop-yop\/#breadcrumb\",\"itemListElement\":[{\"@type\":\"ListItem\",\"position\":1,\"name\":\"Accueil\",\"item\":\"https:\/\/www.blueboatrental.fr\/\"},{\"@type\":\"ListItem\",\"position\":2,\"name\":\"Location de bateaux en Guadeloupe\",\"item\":\"https:\/\/www.blueboatrental.fr\/\"},{\"@type\":\"ListItem\",\"position\":3,\"name\":\"Yop Yop\"}]},{\"@type\":\"WebSite\",\"@id\":\"https:\/\/www.blueboatrental.fr\/fr\/#website\",\"url\":\"https:\/\/www.blueboatrental.fr\/fr\/\",\"name\":\"Blue Boat Rental\",\"description\":\"Louez votre bateau en Guadeloupe\",\"publisher\":{\"@id\":\"https:\/\/www.blueboatrental.fr\/fr\/#organization\"},\"potentialAction\":[{\"@type\":\"SearchAction\",\"target\":{\"@type\":\"EntryPoint\",\"urlTemplate\":\"https:\/\/www.blueboatrental.fr\/fr\/?s={search_term_string}\"},\"query-input\":{\"@type\":\"PropertyValueSpecification\",\"valueRequired\":true,\"valueName\":\"search_term_string\"}}],\"inLanguage\":\"en-US\"},{\"@type\":\"Organization\",\"@id\":\"https:\/\/www.blueboatrental.fr\/fr\/#organization\",\"name\":\"Blue Boat Rental\",\"url\":\"https:\/\/www.blueboatrental.fr\/fr\/\",\"logo\":{\"@type\":\"ImageObject\",\"inLanguage\":\"en-US\",\"@id\":\"https:\/\/www.blueboatrental.fr\/fr\/#\/schema\/logo\/image\/\",\"url\":\"https:\/\/i0.wp.com\/www.blueboatrental.fr\/wp-content\/uploads\/2025\/02\/logo.png?fit=512%2C512&ssl=1\",\"contentUrl\":\"https:\/\/i0.wp.com\/www.blueboatrental.fr\/wp-content\/uploads\/2025\/02\/logo.png?fit=512%2C512&ssl=1\",\"width\":512,\"height\":512,\"caption\":\"Blue Boat Rental\"},\"image\":{\"@id\":\"https:\/\/www.blueboatrental.fr\/fr\/#\/schema\/logo\/image\/\"},\"sameAs\":[\"https:\/\/www.facebook.com\/BlueBoatRentalGuadeloupe\/\"]}]}<\/script>\n<meta property=\"product:price:amount\" content=\"265.00\" \/>\n<meta property=\"product:price:currency\" content=\"EUR\" \/>\n<meta property=\"og:availability\" content=\"instock\" \/>\n<meta property=\"product:availability\" content=\"instock\" \/>\n<meta property=\"product:condition\" content=\"new\" \/>\n<!-- \/ Yoast SEO Premium plugin. -->","yoast_head_json":{"title":"Location de bateaux en Basse-Terre en Guadeloupe - Yop Yop - Blue Boat Rental","description":"Location de bateaux en Guadeloupe, \u00e0 Rivi\u00e8re-Sens en Basse-Terre, partez \u00e0 la d\u00e9couverte des Saintes, du phare de Vieux-Fort et de la C\u00f4te-sous-le-Vent.","robots":{"index":"index","follow":"follow","max-snippet":"max-snippet:-1","max-image-preview":"max-image-preview:large","max-video-preview":"max-video-preview:-1"},"canonical":"https:\/\/www.blueboatrental.fr\/en\/location-bateau-guadeloupe\/bateau\/semi-rigide\/location-bateaux-guadeloupe-basse-terre-yop-yop\/","og_locale":"en_US","og_type":"article","og_title":"Yop Yop","og_description":"Location de bateaux en Guadeloupe, \u00e0 Rivi\u00e8re-Sens en Basse-Terre, partez \u00e0 la d\u00e9couverte des Saintes, du phare de Vieux-Fort et de la C\u00f4te-sous-le-Vent.","og_url":"https:\/\/www.blueboatrental.fr\/en\/location-bateau-guadeloupe\/bateau\/semi-rigide\/location-bateaux-guadeloupe-basse-terre-yop-yop\/","og_site_name":"Blue Boat Rental","article_publisher":"https:\/\/www.facebook.com\/BlueBoatRentalGuadeloupe\/","article_modified_time":"2026-04-13T20:08:41+00:00","og_image":[{"width":1280,"height":675,"url":"https:\/\/www.blueboatrental.fr\/wp-content\/uploads\/2025\/03\/yopyop-gourb_0.jpg","type":"image\/jpeg"}],"twitter_card":"summary_large_image","twitter_misc":{"Price":"265,00&nbsp;&euro;","Availability":"In stock"},"schema":{"@context":"https:\/\/schema.org","@graph":[{"@type":"WebPage","@id":"https:\/\/www.blueboatrental.fr\/location-bateau-guadeloupe\/bateau\/semi-rigide\/location-bateaux-guadeloupe-basse-terre-yop-yop\/","url":"https:\/\/www.blueboatrental.fr\/location-bateau-guadeloupe\/bateau\/semi-rigide\/location-bateaux-guadeloupe-basse-terre-yop-yop\/","name":"Location de bateaux en Basse-Terre en Guadeloupe - Yop Yop - Blue Boat Rental","isPartOf":{"@id":"https:\/\/www.blueboatrental.fr\/fr\/#website"},"primaryImageOfPage":{"@id":"https:\/\/www.blueboatrental.fr\/location-bateau-guadeloupe\/bateau\/semi-rigide\/location-bateaux-guadeloupe-basse-terre-yop-yop\/#primaryimage"},"image":{"@id":"https:\/\/www.blueboatrental.fr\/location-bateau-guadeloupe\/bateau\/semi-rigide\/location-bateaux-guadeloupe-basse-terre-yop-yop\/#primaryimage"},"thumbnailUrl":"https:\/\/i0.wp.com\/www.blueboatrental.fr\/wp-content\/uploads\/2025\/03\/yopyop-gourb_0.jpg?fit=1280%2C675&ssl=1","datePublished":"2025-02-23T05:56:47+00:00","dateModified":"2026-04-13T20:08:41+00:00","description":"Location de bateaux en Guadeloupe, \u00e0 Rivi\u00e8re-Sens en Basse-Terre, partez \u00e0 la d\u00e9couverte des Saintes, du phare de Vieux-Fort et de la C\u00f4te-sous-le-Vent.","breadcrumb":{"@id":"https:\/\/www.blueboatrental.fr\/location-bateau-guadeloupe\/bateau\/semi-rigide\/location-bateaux-guadeloupe-basse-terre-yop-yop\/#breadcrumb"},"inLanguage":"en-US","potentialAction":[{"@type":"ReadAction","target":["https:\/\/www.blueboatrental.fr\/location-bateau-guadeloupe\/bateau\/semi-rigide\/location-bateaux-guadeloupe-basse-terre-yop-yop\/"]}]},{"@type":"ImageObject","inLanguage":"en-US","@id":"https:\/\/www.blueboatrental.fr\/location-bateau-guadeloupe\/bateau\/semi-rigide\/location-bateaux-guadeloupe-basse-terre-yop-yop\/#primaryimage","url":"https:\/\/i0.wp.com\/www.blueboatrental.fr\/wp-content\/uploads\/2025\/03\/yopyop-gourb_0.jpg?fit=1280%2C675&ssl=1","contentUrl":"https:\/\/i0.wp.com\/www.blueboatrental.fr\/wp-content\/uploads\/2025\/03\/yopyop-gourb_0.jpg?fit=1280%2C675&ssl=1","width":1280,"height":675,"caption":"yopyop basse-terre guadeloupe"},{"@type":"BreadcrumbList","@id":"https:\/\/www.blueboatrental.fr\/location-bateau-guadeloupe\/bateau\/semi-rigide\/location-bateaux-guadeloupe-basse-terre-yop-yop\/#breadcrumb","itemListElement":[{"@type":"ListItem","position":1,"name":"Accueil","item":"https:\/\/www.blueboatrental.fr\/"},{"@type":"ListItem","position":2,"name":"Location de bateaux en Guadeloupe","item":"https:\/\/www.blueboatrental.fr\/"},{"@type":"ListItem","position":3,"name":"Yop Yop"}]},{"@type":"WebSite","@id":"https:\/\/www.blueboatrental.fr\/fr\/#website","url":"https:\/\/www.blueboatrental.fr\/fr\/","name":"Blue Boat Rental","description":"Louez votre bateau en Guadeloupe","publisher":{"@id":"https:\/\/www.blueboatrental.fr\/fr\/#organization"},"potentialAction":[{"@type":"SearchAction","target":{"@type":"EntryPoint","urlTemplate":"https:\/\/www.blueboatrental.fr\/fr\/?s={search_term_string}"},"query-input":{"@type":"PropertyValueSpecification","valueRequired":true,"valueName":"search_term_string"}}],"inLanguage":"en-US"},{"@type":"Organization","@id":"https:\/\/www.blueboatrental.fr\/fr\/#organization","name":"Blue Boat Rental","url":"https:\/\/www.blueboatrental.fr\/fr\/","logo":{"@type":"ImageObject","inLanguage":"en-US","@id":"https:\/\/www.blueboatrental.fr\/fr\/#\/schema\/logo\/image\/","url":"https:\/\/i0.wp.com\/www.blueboatrental.fr\/wp-content\/uploads\/2025\/02\/logo.png?fit=512%2C512&ssl=1","contentUrl":"https:\/\/i0.wp.com\/www.blueboatrental.fr\/wp-content\/uploads\/2025\/02\/logo.png?fit=512%2C512&ssl=1","width":512,"height":512,"caption":"Blue Boat Rental"},"image":{"@id":"https:\/\/www.blueboatrental.fr\/fr\/#\/schema\/logo\/image\/"},"sameAs":["https:\/\/www.facebook.com\/BlueBoatRentalGuadeloupe\/"]}]},"product_price_amount":"265.00","product_price_currency":"EUR","og_availability":"instock","product_availability":"instock","product_condition":"new"},"jetpack_sharing_enabled":true,"_links":{"self":[{"href":"https:\/\/www.blueboatrental.fr\/en\/wp-json\/wp\/v2\/product\/62","targetHints":{"allow":["GET"]}}],"collection":[{"href":"https:\/\/www.blueboatrental.fr\/en\/wp-json\/wp\/v2\/product"}],"about":[{"href":"https:\/\/www.blueboatrental.fr\/en\/wp-json\/wp\/v2\/types\/product"}],"wp:featuredmedia":[{"embeddable":true,"href":"https:\/\/www.blueboatrental.fr\/en\/wp-json\/wp\/v2\/media\/209"}],"wp:attachment":[{"href":"https:\/\/www.blueboatrental.fr\/en\/wp-json\/wp\/v2\/media?parent=62"}],"wp:term":[{"taxonomy":"product_brand","embeddable":true,"href":"https:\/\/www.blueboatrental.fr\/en\/wp-json\/wp\/v2\/product_brand?post=62"},{"taxonomy":"product_cat","embeddable":true,"href":"https:\/\/www.blueboatrental.fr\/en\/wp-json\/wp\/v2\/product_cat?post=62"},{"taxonomy":"product_tag","embeddable":true,"href":"https:\/\/www.blueboatrental.fr\/en\/wp-json\/wp\/v2\/product_tag?post=62"}],"curies":[{"name":"wp","href":"https:\/\/api.w.org\/{rel}","templated":true}]}}